{"id":329,"date":"2015-10-12T12:24:59","date_gmt":"2015-10-12T10:24:59","guid":{"rendered":"http:\/\/cipolladimedicina.com\/cipolla\/?page_id=329"},"modified":"2015-10-12T12:26:54","modified_gmt":"2015-10-12T10:26:54","slug":"privacy","status":"publish","type":"page","link":"https:\/\/cipolladimedicina.com\/cipolla\/consorzio\/privacy\/","title":{"rendered":"Privacy"},"content":{"rendered":"<p>Questo sito utilizza i Cookies per migliorare l\u2019esperienza di navigazione. Se continuerai a navigare, accetterai l\u2019uso di tali cookies. Consulta la nostra Politica sui Cookies.<\/p>\n<div class=\"container_wrap container_wrap_first main_color fullsize\">\n<div class=\"container\">\n<article class=\"post-entry post-entry-type-page post-entry-898\">\n<div class=\"entry-content-wrapper clearfix\">\n<div class=\"entry-content\">\n<h1>Cookie Policy<\/h1>\n<p>www.cipolladimedicina.com o il \u201cSito\u201d utilizza i cookie per rendere i propri servizi semplici e efficienti per gli Utenti che visualizzano le sue pagine.<\/p>\n<p>Gli Utenti che visualizzano il sito potranno ricevere quantit\u00e0 minime di informazioni nei terminali che utilizzano, siano essi computer desktop, notebook o dispositivi mobili, in piccoli file di testo denominati \u201ccookie\u201d salvati nelle directory utilizzate dal browser web dell\u2019Utente. Esistono varie tipologie di cookie, alcuni per rendere pi\u00f9 efficace l\u2019uso del Sito e migliorare l\u2019esperienza di navigazione dell\u2019Utente, altri per abilitare funzionalit\u00e0 particolari. Maggiori informazioni su\u00a0<a href=\"http:\/\/it.wikipedia.org\/wiki\/Cookie\">http:\/\/it.wikipedia.org\/wiki\/Cookie<\/a><\/p>\n<p>I visitatori hanno la possibilit\u00e0 di configurare il proprio browser in modo da essere avvisati della ricezione dei cookie o rifiutarli. L\u2019accettazione dei cookie da parte del browser pu\u00f2 essere disabilitata attraverso la modifica delle suddette impostazioni.<\/p>\n<h3>Titolare del Trattamento dei Dati<\/h3>\n<p>Cipolla di Medicina<br \/>\ninfo@cipolladimedicina.com<\/p>\n<h2>Tipologia di cookie utilizzati<\/h2>\n<h3>Cookie Tecnici<\/h3>\n<p>Questa tipologia di cookie permette il corretto funzionamento di alcune sezioni del Sito. In questo Sito internet vengono utilizzati solo cookie tecnici, cio\u00e8 quelli utilizzati al solo fine di \u201ceffettuare la trasmissione di una comunicazione su una rete di comunicazione elettronica,o nella misura strettamente necessaria al fornitore di un servizio della societ\u00e0 dell\u2019informazione esplicitamente richiesto dall\u2019abbonato o dall\u2019Utente a erogare tale servizio\u201d (cfr. art. 122, comma 1, del Codice).<\/p>\n<p>Essi non vengono utilizzati per scopi ulteriori e sono normalmente installati direttamente dal titolare o gestore del sito web.<\/p>\n<p>Possono essere suddivisi in cookie di navigazione o di sessione, che garantiscono la normale navigazione e fruizione del sito web (permettendo, ad esempio, di realizzare un acquisto o autenticarsi per accedere ad aree riservate);<\/p>\n<ul>\n<li>cookie analytics, assimilati ai cookie tecnici laddove utilizzati direttamente dal gestore del sito per raccogliere informazioni, in forma aggregata, sul numero degli utenti e su come questi visitano il sito stesso;<\/li>\n<li>cookie di funzionalit\u00e0, che permettono all\u2019Utente la navigazione in funzione di una serie di criteri selezionati (ad esempio, la lingua, i prodotti selezionati per l\u2019acquisto) al fine di migliorare il servizio reso all\u2019Utente stesso.<\/li>\n<\/ul>\n<p>Per l\u2019installazione di tali cookie non \u00e8 richiesto il preventivo consenso degli Utenti, mentre resta fermo l\u2019obbligo di dare l\u2019informativa ai sensi dell\u2019art. 13 del Codice, che il gestore del Sito, qualora utilizzi soltanto tali dispositivi, potr\u00e0 fornire con le modalit\u00e0 che ritiene pi\u00f9 idonee.<\/p>\n<p>L\u2019acquisizione e il trattamento dei dati derivanti dall\u2019utilizzo dei cookie tecnici \u00e8 obbligatorio per la consultazione dei Sito. In caso di opposizione da parte dell\u2019Utente non sar\u00e0 possibile la visione completa e corretta del Sito. Esclusi i cookie tecnici, la regola generale per \u201cL\u2019archiviazione delle informazioni nell\u2019apparecchio terminale di un contraente o di un utente o l\u2019accesso a informazioni gi\u00e0 archiviate\u201d resta quella del consenso preventivo e informato dell\u2019Utente (opt-in). Ci\u00f2 vuol dire che tutti i cookie non qualificabili come \u201ctecnici\u201d che presentano peraltro maggiori criticit\u00e0 dal punto di vista della protezione della sfera privata degli Utenti, come ad esempio, quelli usati per finalit\u00e0 di profilazione e marketing non possono essere installati sui terminali degli Utenti stessi se questi non siano stati prima adeguatamente informati e non abbiano prestato al riguardo un valido consenso.<\/p>\n<h2>Cookie di terze parti<\/h2>\n<p>Questa tipologia di cookie integra funzionalit\u00e0 sviluppate da terzi all\u2019interno delle pagine del Sito come le icone e le preferenze espresse nei social network al fine di condivisione dei contenuti del Sito o per l\u2019uso di servizi software di terze parti (come i software per la generazione di mappe e ulteriori software che offrono servizi aggiuntivi). Questi cookie sono inviati da domini di terze parti che offrono le loro funzionalit\u00e0 tra le pagine del Sito.<\/p>\n<p>Per queste tipologie di cookie il consenso pu\u00f2 essere espresso dall\u2019Utente con una o pi\u00f9 di una delle seguenti modalit\u00e0:<\/p>\n<ul>\n<li>Mediante specifiche configurazioni del browser utilizzato o dei relativi programmi informatici utilizzati per navigare le pagine che compongono il Sito.<\/li>\n<li>Mediante modifica delle impostazioni nell\u2019uso dei servizi di terze parti<\/li>\n<\/ul>\n<p>I seguenti cookie possono essere presenti su alcune delle pagine del Sito:<\/p>\n<h2>Modulo di Contatto<\/h2>\n<p>L\u2019Utente, compilando con i propri Dati il modulo di contatto, acconsente al loro utilizzo per rispondere alle richieste di informazioni, di preventivo, o di qualunque altra natura indicata dall\u2019intestazione del modulo.<br \/>\n<strong>Dati raccolti:<\/strong><br \/>\nEmail, Nome e Cognome \u2013 Dati non conservati<\/p>\n<h2>Pulsante +1 e widget sociali di Google+(Google Inc.)<\/h2>\n<p>Pulsante +1 e widget sociali di Google+(Google Inc.) Il pulsante +1 e i widget sociali di Google+ sono servizi di interazione con il social network Google+, forniti da Google Inc<\/p>\n<p><strong>Dati raccolti:<\/strong><br \/>\nCookie e dati di utilizzo \u2013 Usa \u2013\u00a0<a href=\"http:\/\/www.google.com\/intl\/it\/policies\/privacy\/\" target=\"_blank\">Privacy Policy<\/a><\/p>\n<h2>Pulsante Mi Piace e widget sociali di Facebook<\/h2>\n<p>(Facebook, Inc.) Il pulsante \u201cMi Piace\u201d e i widget sociali di Facebook sono servizi di interazione con il social network Facebook, forniti da Facebook, Inc.<\/p>\n<p><strong>Dati raccolti:<\/strong><br \/>\nCookie e dati di utilizzo \u2013 Usa \u2013\u00a0<a href=\"http:\/\/www.facebook.com\/privacy\/explanation.php\" target=\"_blank\">Privacy Policy<\/a><\/p>\n<h2>Pulsante Tweet e widget sociali di Twitter<\/h2>\n<p>(Twitter, Inc.) Il pulsante Tweet e i widget sociali di Twitter sono servizi di interazione con il social network Twitter, forniti da Twitter, Inc<\/p>\n<p><strong>Dati raccolti:<\/strong><br \/>\nCookie e dati di utilizzo \u2013 Usa \u2013\u00a0<a href=\"http:\/\/twitter.com\/privacy\" target=\"_blank\">Privacy Policy<\/a><\/p>\n<h2>Pulsante Pinterest<\/h2>\n<p>(Pinterest, Inc.) Il pulsante \u201cpin it\u201d \u00e8 un servizio di interazione con il social network pinterest, forniti da Pinterest, Inc.<\/p>\n<p><strong>Dati raccolti:<\/strong><br \/>\nVarie tipologie di Dati secondo quanto specificato dalla privacy policy del servizio \u2013 Usa \u2013\u00a0<a href=\"https:\/\/about.pinterest.com\/it\/privacy-policy\" target=\"_blank\">Privacy Policy<\/a><\/p>\n<h2>Google Analytics<\/h2>\n<p>(Google Inc.) Google Analytics \u00e8 un servizio di analisi web fornito da Google Inc. (\u201cGoogle\u201d).<br \/>\nGoogle potrebbe utilizzare i Dati Personali per contestualizzare e personalizzare gli annunci del proprio network pubblicitario (script impostato per il tracciamento in forma anonima)<\/p>\n<p><strong>Dati raccolti:<\/strong><br \/>\nCookie e dati di utilizzo \u2013 Usa \u2013\u00a0<a href=\"http:\/\/www.google.com\/intl\/it\/policies\/privacy\/\" target=\"_blank\">Privacy Policy<\/a>\u00a0\u2013\u00a0<a href=\"http:\/\/tools.google.com\/dlpage\/gaoptout?hl=it\" target=\"_blank\">Opt Out<\/a><\/p>\n<h2>Video Youtube<\/h2>\n<p>(Google Inc.) Youtube \u00e8 un servizio di visualizzazione di contenuti video gestito da Google Inc. che permette a questa Applicazione di integrare tali contenuti all\u2019interno delle proprie pagine.<\/p>\n<p><strong>Dati raccolti:<\/strong><br \/>\nCookie e dati di utilizzo \u2013 Usa \u2013\u00a0<a href=\"http:\/\/www.google.it\/intl\/it\/policies\/privacy\/\" target=\"_blank\">Privacy Policy<\/a><\/p>\n<h2>Video Vimeo<\/h2>\n<p>(Vimeo, LLC) Vimeo \u00e8 un servizio di visualizzazione di contenuti video gestito da Vimeo, LLC che permette a questa Applicazione di integrare tali contenuti all\u2019interno delle proprie pagine.<\/p>\n<p><strong>Dati raccolti:<\/strong><br \/>\nCookie e dati di utilizzo \u2013 Usa \u2013\u00a0<a href=\"http:\/\/vimeo.com\/privacy\" target=\"_blank\">Privacy Policy<\/a><\/p>\n<h2>Google Fonts<\/h2>\n<p>(Google Inc.) Google Fonts \u00e8 un servizio di visualizzazione di stili di carattere gestito da Google Inc. che permette a questa Applicazione di integrare tali contenuti all\u2019interno delle proprie pagine<\/p>\n<p><strong>Dati raccolti:<\/strong><br \/>\nCookie e dati di utilizzo \u2013 Usa \u2013\u00a0<a href=\"http:\/\/www.google.it\/intl\/en\/policies\/privacy\/\" target=\"_blank\">Privacy Policy<\/a><\/p>\n<h2>Come disabilitare i cookies<\/h2>\n<p>La maggioranza dei browser internet sono inizialmente impostati per accettare i cookies in modo automatico. L\u2019utente pu\u00f2 modificare queste impostazioni per bloccare i cookies o per avvertire che dei cookies vengono mandati al dispositivo dell\u2019utente medesimo. In caso di dispositivi diversi (per esempio computer, smartphone, tablet, ecc.), l\u2019utente dovr\u00e0 assicurarsi che ciascun browser su ciascun dispositivo sia regolato per riflettere le proprie preferenze relative ai cookies. Si ricorda che disattivando i cookies non vengono garantite tutte le funzionalit\u00e0 dei siti web.<\/p>\n<p><strong>Firefox Mozilla<\/strong><br \/>\nFare clic sul pulsante dei menu e selezionare Preferenze.<br \/>\nSelezionare il pannello Privacy.<br \/>\nAlla voce Impostazioni cronologia: selezionare utilizza impostazioni personalizzate.<br \/>\nPer attivare i cookie, contrassegnare la voce Accetta i cookie dai siti; per disattivarli togliere il contrassegno dalla voce.<br \/>\nSe si stanno riscontrando problemi con i cookie, assicurarsi anche che l\u2019opzione Accetta i cookie di terze parti non sia impostata su Mai. Per maggiori informazioni, leggere l\u2019articolo Disattivare i cookie di terze parti. Scegliere per quanto tempo i cookie possono rimanere memorizzati:<br \/>\nConservali fino: alla loro scadenza: i cookie verranno rimossi quando raggiungono la data di scadenza (data impostata dal sito che invia i cookie).<br \/>\nConservali fino: alla chiusura di Firefox: i cookie memorizzati sul proprio computer verranno rimossi alla chiusura di Firefox.<br \/>\nConservali fino: chiedi ogni volta: visualizza un avviso ogni volta che un sito web tenta di impostare un cookie e chiede all\u2019utente se desidera che questo cookie venga salvato.<br \/>\nChiudere la pagina about:preferences.<br \/>\nPer pi\u00f9 informazioni Impostazioni Cookies firefox<\/p>\n<p><strong>Internet explorer<\/strong><br \/>\nSe non vuoi consentire ai siti di memorizzare i cookie sul tuo PC, puoi bloccare i cookie. Puoi anche personalizzare i siti per cui vuoi bloccare i cookie.<br \/>\nPer bloccare i cookies:<br \/>\nApri il desktop, quindi tocca o fai clic sull\u2019icona Internet Explorer sulla barra delle applicazioni.<br \/>\nTocca o fai clic sul pulsante Strumenti Pulsante Strumenti e quindi tocca o fai clic su Opzioni Internet.<br \/>\nTocca o fai clic sulla scheda Privacy e in Impostazioni sposta il dispositivo di scorrimento verso l\u2019alto per bloccare tutti i cookie e quindi fai clic su OK.<br \/>\nPer pi\u00f9 informazioni Impostazioni Cookies Internet explorer<\/p>\n<p><strong>Chrome<\/strong><br \/>\nFai clic sul menu Chrome Chrome menu nella barra degli strumenti del browser.<br \/>\nSeleziona Impostazioni.<br \/>\nFai clic su Mostra impostazioni avanzate.<br \/>\nNella sezione \u201cPrivacy\u201d, fai clic sul pulsante Impostazioni contenuti.<br \/>\nNella sezione \u201cCookie\u201d, puoi bloccare il salvataggio di cookie:<br \/>\n\u2013 Blocca tutti i cookie. Seleziona \u201cImpedisci ai siti di impostare dati\u201d. Tieni presente che se selezioni questa impostazione impedisci il funzionamento della maggior parte dei siti che richiedono di eseguire l\u2019accesso. Quando un cookie \u00e8 stato bloccato, nella barra degli indirizzi viene visualizzata l\u2019icona cookie bloccato.<br \/>\n\u2013 Blocca soltanto i cookie di terze parti. Seleziona la casella di controllo \u201cBlocca cookie di terze parti e dati dei siti\u201d. Anche se hai aggiunto un sito nell\u2019elenco Eccezioni e hai scelto di consentire i relativi cookie, i cookie di terze parti del sito non verranno accettati se selezioni questa casella di controllo.<br \/>\nPer pi\u00f9 informazioni Impostazioni Cookies su chrome<\/p>\n<p><strong>Opera<\/strong><br \/>\nPreferenze &gt; Avanzate &gt; Cookie Queste impostazioni permettono di configurare la gestione dei cookie in Opera. L\u2019impostazione predefinita prevede di accettare tutti i cookie. Accetta i cookie solo dal sito che si visita I cookie di terze parti, inviati da un dominio diverso da quello che si sta visitando, vengono rifiutati Non accettare mai i cookie Tutti i cookie vengono rifiutati<br \/>\nPer pi\u00f9 informazioni Impostazioni cookie Opera<\/p>\n<p><strong>Safari<\/strong><br \/>\nPer impostare il blocco dei cookie da parte di Safari in iOS 8, tocca Impostazioni &gt; Safari &gt; Blocca cookie e scegli \u201cConsenti sempre\u201d, \u201cConsenti solo dai siti web che visito\u201d, \u201cConsenti solo dal sito web attuale\u201d oppure \u201cBlocca sempre\u201d. In iOS 7 o versioni meno recenti scegli \u201cMai\u201d, \u201d Di terze parti e inserzionisti\u201d o \u201cSempre\u201d. Per pi\u00f9 informazioni Impostazioni cookie Safari<\/p>\n<\/div>\n<\/div>\n<\/article>\n<\/div>\n<\/div>\n","protected":false},"excerpt":{"rendered":"<p>Questo sito utilizza i Cookies per migliorare l\u2019esperienza di navigazione. Se continuerai a navigare, accetterai l\u2019uso di tali cookies. Consulta la nostra Politica sui Cookies. Cookie Policy www.cipolladimedicina.com o il \u201cSito\u201d utilizza i cookie per rendere i propri servizi semplici e efficienti per gli Utenti che visualizzano le sue pagine. Gli Utenti che visualizzano il [&hellip;]<\/p>\n","protected":false},"author":1,"featured_media":0,"parent":6,"menu_order":9999,"comment_status":"closed","ping_status":"closed","template":"","meta":[],"_links":{"self":[{"href":"https:\/\/cipolladimedicina.com\/cipolla\/wp-json\/wp\/v2\/pages\/329"}],"collection":[{"href":"https:\/\/cipolladimedicina.com\/cipolla\/wp-json\/wp\/v2\/pages"}],"about":[{"href":"https:\/\/cipolladimedicina.com\/cipolla\/wp-json\/wp\/v2\/types\/page"}],"author":[{"embeddable":true,"href":"https:\/\/cipolladimedicina.com\/cipolla\/wp-json\/wp\/v2\/users\/1"}],"replies":[{"embeddable":true,"href":"https:\/\/cipolladimedicina.com\/cipolla\/wp-json\/wp\/v2\/comments?post=329"}],"version-history":[{"count":2,"href":"https:\/\/cipolladimedicina.com\/cipolla\/wp-json\/wp\/v2\/pages\/329\/revisions"}],"predecessor-version":[{"id":331,"href":"https:\/\/cipolladimedicina.com\/cipolla\/wp-json\/wp\/v2\/pages\/329\/revisions\/331"}],"up":[{"embeddable":true,"href":"https:\/\/cipolladimedicina.com\/cipolla\/wp-json\/wp\/v2\/pages\/6"}],"wp:attachment":[{"href":"https:\/\/cipolladimedicina.com\/cipolla\/wp-json\/wp\/v2\/media?parent=329"}],"curies":[{"name":"wp","href":"https:\/\/api.w.org\/{rel}","templated":true}]}}